{"id":5142,"date":"2020-03-02T16:32:12","date_gmt":"2020-03-02T14:32:12","guid":{"rendered":"https:\/\/www.fortdeli.fi\/?page_id=5142"},"modified":"2020-03-02T16:34:10","modified_gmt":"2020-03-02T14:34:10","slug":"evasteet","status":"publish","type":"page","link":"https:\/\/www.fortdeli.fi\/en\/evasteet\/","title":{"rendered":"Cookies Consent"},"content":{"rendered":"\t\t<div data-elementor-type=\"wp-page\" data-elementor-id=\"5142\" class=\"elementor elementor-5142\" data-elementor-post-type=\"page\">\n\t\t\t\t\t\t<section class=\"elementor-section elementor-top-section elementor-element elementor-element-10dc9652 elementor-section-height-min-height elementor-section-items-bottom elementor-section-boxed elementor-section-height-default\" data-id=\"10dc9652\" data-element_type=\"section\" data-e-type=\"section\" data-settings=\"{&quot;background_background&quot;:&quot;classic&quot;}\">\n\t\t\t\t\t\t<div class=\"elementor-container elementor-column-gap-default\">\n\t\t\t\t\t<div class=\"elementor-column elementor-col-100 elementor-top-column elementor-element elementor-element-4a1fe511\" data-id=\"4a1fe511\" data-element_type=\"column\" data-e-type=\"column\">\n\t\t\t<div class=\"elementor-widget-wrap elementor-element-populated\">\n\t\t\t\t\t\t<div class=\"elementor-element elementor-element-edfae64 elementor-widget elementor-widget-heading\" data-id=\"edfae64\" data-element_type=\"widget\" data-e-type=\"widget\" data-widget_type=\"heading.default\">\n\t\t\t\t<div class=\"elementor-widget-container\">\n\t\t\t\t\t<h1 class=\"elementor-heading-title elementor-size-default\">Cookies Consent<\/h1>\t\t\t\t<\/div>\n\t\t\t\t<\/div>\n\t\t\t\t\t<\/div>\n\t\t<\/div>\n\t\t\t\t\t<\/div>\n\t\t<\/section>\n\t\t\t\t<section class=\"elementor-section elementor-top-section elementor-element elementor-element-4d5e616 elementor-reverse-tablet elementor-reverse-mobile elementor-section-boxed elementor-section-height-default elementor-section-height-default\" data-id=\"4d5e616\" data-element_type=\"section\" data-e-type=\"section\">\n\t\t\t\t\t\t<div class=\"elementor-container elementor-column-gap-default\">\n\t\t\t\t\t<div class=\"elementor-column elementor-col-100 elementor-top-column elementor-element elementor-element-411c3b24\" data-id=\"411c3b24\" data-element_type=\"column\" data-e-type=\"column\">\n\t\t\t<div class=\"elementor-widget-wrap elementor-element-populated\">\n\t\t\t\t\t\t<div class=\"elementor-element elementor-element-18c5e54 elementor-widget elementor-widget-text-editor\" data-id=\"18c5e54\" data-element_type=\"widget\" data-e-type=\"widget\" data-widget_type=\"text-editor.default\">\n\t\t\t\t<div class=\"elementor-widget-container\">\n\t\t\t\t\t\t\t\t\t<p>Kuten useimmat verkkosivustot, sivustomme k\u00e4ytt\u00e4\u00e4 ev\u00e4steit\u00e4 jotta pystymme tarjoamaan sinulle parhaan k\u00e4ytt\u00f6kokemuksen. Ev\u00e4steet ovat tiedostoja, jotka asetetaan laitteellesi kun vierailet sivustossamme.<\/p><h4>Ev\u00e4steiden avulla<\/h4><p>\u2013 Verkkosivumme toimivat odotetusti<\/p><p>\u2013 Sivusto latautuu nopeammin ja turvallisemmin<\/p><p>\u2013 Esit\u00e4mme relevanttia informaatiota<\/p><p>\u2013 Saatamme ker\u00e4t\u00e4 anonyymi\u00e4 tietoa k\u00e4ytt\u00e4j\u00e4kunnasta k\u00e4ytt\u00f6kokemuksen optimoimiseksi sek\u00e4 paremman palvelun tarjoamiseksi<\/p><h4>Ev\u00e4steiden avulla emme<\/h4><p>\u2013 Tallenna henkil\u00f6kohtaista tietoasi ilman suostumustasi<\/p><p>\u2013 Ker\u00e4\u00e4 arkaluonteista tietoa<\/p><p>\u2013 L\u00e4het\u00e4 henkil\u00f6kohtaisia tietoja kolmansille osapuolille<\/p><h4>Ev\u00e4steiden k\u00e4ytt\u00f6oikeus<\/h4><p>Jos selain jota k\u00e4yt\u00e4t verkkosivuissa vierailuun asetetaan siten, ett\u00e4 se sallii ev\u00e4steiden k\u00e4yt\u00f6n, tulkitsemme hyv\u00e4ksyv\u00e4si ev\u00e4steiden k\u00e4yt\u00f6n.<\/p><h4>Poista ev\u00e4steet k\u00e4yt\u00f6st\u00e4<\/h4><p>Ev\u00e4steet voidaan puhdistaa selaimesta tai ottaa kokonaan pois k\u00e4yt\u00f6st\u00e4. Emme voi kuitenkaan taata, ett\u00e4 verkkosivut toimivat tyydytt\u00e4v\u00e4sti. Voit poistaa ev\u00e4steet k\u00e4yt\u00f6st\u00e4 muuttamalla selaimesi asetuksia. Lue lis\u00e4\u00e4 selaimesi ohjeista.<\/p>\t\t\t\t\t\t\t\t<\/div>\n\t\t\t\t<\/div>\n\t\t\t\t\t<\/div>\n\t\t<\/div>\n\t\t\t\t\t<\/div>\n\t\t<\/section>\n\t\t\t\t<\/div>\n\t\t","protected":false},"excerpt":{"rendered":"<p>Cookies Consent Kuten useimmat verkkosivustot, sivustomme k\u00e4ytt\u00e4\u00e4 ev\u00e4steit\u00e4 jotta pystymme tarjoamaan sinulle parhaan k\u00e4ytt\u00f6kokemuksen. Ev\u00e4steet ovat tiedostoja, jotka asetetaan laitteellesi kun vierailet sivustossamme. Ev\u00e4steiden avulla \u2013 Verkkosivumme toimivat odotetusti \u2013 Sivusto latautuu nopeammin ja turvallisemmin \u2013 Esit\u00e4mme relevanttia informaatiota \u2013 Saatamme ker\u00e4t\u00e4 anonyymi\u00e4 tietoa k\u00e4ytt\u00e4j\u00e4kunnasta k\u00e4ytt\u00f6kokemuksen optimoimiseksi sek\u00e4 paremman palvelun tarjoamiseksi Ev\u00e4steiden avulla emme \u2013 [&hellip;]<\/p>\n","protected":false},"author":1,"featured_media":0,"parent":0,"menu_order":10,"comment_status":"closed","ping_status":"closed","template":"elementor_header_footer","meta":{"_acf_changed":false,"footnotes":""},"class_list":["post-5142","page","type-page","status-publish","hentry"],"acf":[],"yoast_head":"<!-- This site is optimized with the Yoast SEO plugin v27.4 - https:\/\/yoast.com\/product\/yoast-seo-wordpress\/ -->\n<title>Cookies Consent - Fort Deli<\/title>\n<meta name=\"robots\" content=\"index, follow, max-snippet:-1, max-image-preview:large, max-video-preview:-1\" \/>\n<link rel=\"canonical\" href=\"https:\/\/www.fortdeli.fi\/evasteet\/\" \/>\n<meta property=\"og:locale\" content=\"en_US\" \/>\n<meta property=\"og:type\" content=\"article\" \/>\n<meta property=\"og:title\" content=\"Cookies Consent - Fort Deli\" \/>\n<meta property=\"og:description\" content=\"Cookies Consent Kuten useimmat verkkosivustot, sivustomme k\u00e4ytt\u00e4\u00e4 ev\u00e4steit\u00e4 jotta pystymme tarjoamaan sinulle parhaan k\u00e4ytt\u00f6kokemuksen. Ev\u00e4steet ovat tiedostoja, jotka asetetaan laitteellesi kun vierailet sivustossamme. Ev\u00e4steiden avulla \u2013 Verkkosivumme toimivat odotetusti \u2013 Sivusto latautuu nopeammin ja turvallisemmin \u2013 Esit\u00e4mme relevanttia informaatiota \u2013 Saatamme ker\u00e4t\u00e4 anonyymi\u00e4 tietoa k\u00e4ytt\u00e4j\u00e4kunnasta k\u00e4ytt\u00f6kokemuksen optimoimiseksi sek\u00e4 paremman palvelun tarjoamiseksi Ev\u00e4steiden avulla emme \u2013 [&hellip;]\" \/>\n<meta property=\"og:url\" content=\"https:\/\/www.fortdeli.fi\/evasteet\/\" \/>\n<meta property=\"og:site_name\" content=\"Fort Deli\" \/>\n<meta property=\"article:modified_time\" content=\"2020-03-02T14:34:10+00:00\" \/>\n<meta name=\"twitter:card\" content=\"summary_large_image\" \/>\n<meta name=\"twitter:label1\" content=\"Est. reading time\" \/>\n\t<meta name=\"twitter:data1\" content=\"1 minute\" \/>\n<script type=\"application\/ld+json\" class=\"yoast-schema-graph\">{\"@context\":\"https:\\\/\\\/schema.org\",\"@graph\":[{\"@type\":\"WebPage\",\"@id\":\"https:\\\/\\\/www.fortdeli.fi\\\/evasteet\\\/\",\"url\":\"https:\\\/\\\/www.fortdeli.fi\\\/evasteet\\\/\",\"name\":\"Cookies Consent - Fort Deli\",\"isPartOf\":{\"@id\":\"https:\\\/\\\/www.fortdeli.fi\\\/#website\"},\"datePublished\":\"2020-03-02T14:32:12+00:00\",\"dateModified\":\"2020-03-02T14:34:10+00:00\",\"breadcrumb\":{\"@id\":\"https:\\\/\\\/www.fortdeli.fi\\\/evasteet\\\/#breadcrumb\"},\"inLanguage\":\"en-US\",\"potentialAction\":[{\"@type\":\"ReadAction\",\"target\":[\"https:\\\/\\\/www.fortdeli.fi\\\/evasteet\\\/\"]}]},{\"@type\":\"BreadcrumbList\",\"@id\":\"https:\\\/\\\/www.fortdeli.fi\\\/evasteet\\\/#breadcrumb\",\"itemListElement\":[{\"@type\":\"ListItem\",\"position\":1,\"name\":\"Home\",\"item\":\"https:\\\/\\\/www.fortdeli.fi\\\/\"},{\"@type\":\"ListItem\",\"position\":2,\"name\":\"Ev\u00e4steet\"}]},{\"@type\":\"WebSite\",\"@id\":\"https:\\\/\\\/www.fortdeli.fi\\\/#website\",\"url\":\"https:\\\/\\\/www.fortdeli.fi\\\/\",\"name\":\"Fort Deli\",\"description\":\"\",\"publisher\":{\"@id\":\"https:\\\/\\\/www.fortdeli.fi\\\/#organization\"},\"potentialAction\":[{\"@type\":\"SearchAction\",\"target\":{\"@type\":\"EntryPoint\",\"urlTemplate\":\"https:\\\/\\\/www.fortdeli.fi\\\/?s={search_term_string}\"},\"query-input\":{\"@type\":\"PropertyValueSpecification\",\"valueRequired\":true,\"valueName\":\"search_term_string\"}}],\"inLanguage\":\"en-US\"},{\"@type\":\"Organization\",\"@id\":\"https:\\\/\\\/www.fortdeli.fi\\\/#organization\",\"name\":\"Fort Deli\",\"url\":\"https:\\\/\\\/www.fortdeli.fi\\\/\",\"logo\":{\"@type\":\"ImageObject\",\"inLanguage\":\"en-US\",\"@id\":\"https:\\\/\\\/www.fortdeli.fi\\\/#\\\/schema\\\/logo\\\/image\\\/\",\"url\":\"https:\\\/\\\/www.fortdeli.fi\\\/wp-content\\\/uploads\\\/cropped-FortDeli_logo2_nega_EST-1.png\",\"contentUrl\":\"https:\\\/\\\/www.fortdeli.fi\\\/wp-content\\\/uploads\\\/cropped-FortDeli_logo2_nega_EST-1.png\",\"width\":1598,\"height\":746,\"caption\":\"Fort Deli\"},\"image\":{\"@id\":\"https:\\\/\\\/www.fortdeli.fi\\\/#\\\/schema\\\/logo\\\/image\\\/\"}}]}<\/script>\n<!-- \/ Yoast SEO plugin. -->","yoast_head_json":{"title":"Cookies Consent - Fort Deli","robots":{"index":"index","follow":"follow","max-snippet":"max-snippet:-1","max-image-preview":"max-image-preview:large","max-video-preview":"max-video-preview:-1"},"canonical":"https:\/\/www.fortdeli.fi\/evasteet\/","og_locale":"en_US","og_type":"article","og_title":"Cookies Consent - Fort Deli","og_description":"Cookies Consent Kuten useimmat verkkosivustot, sivustomme k\u00e4ytt\u00e4\u00e4 ev\u00e4steit\u00e4 jotta pystymme tarjoamaan sinulle parhaan k\u00e4ytt\u00f6kokemuksen. Ev\u00e4steet ovat tiedostoja, jotka asetetaan laitteellesi kun vierailet sivustossamme. Ev\u00e4steiden avulla \u2013 Verkkosivumme toimivat odotetusti \u2013 Sivusto latautuu nopeammin ja turvallisemmin \u2013 Esit\u00e4mme relevanttia informaatiota \u2013 Saatamme ker\u00e4t\u00e4 anonyymi\u00e4 tietoa k\u00e4ytt\u00e4j\u00e4kunnasta k\u00e4ytt\u00f6kokemuksen optimoimiseksi sek\u00e4 paremman palvelun tarjoamiseksi Ev\u00e4steiden avulla emme \u2013 [&hellip;]","og_url":"https:\/\/www.fortdeli.fi\/evasteet\/","og_site_name":"Fort Deli","article_modified_time":"2020-03-02T14:34:10+00:00","twitter_card":"summary_large_image","twitter_misc":{"Est. reading time":"1 minute"},"schema":{"@context":"https:\/\/schema.org","@graph":[{"@type":"WebPage","@id":"https:\/\/www.fortdeli.fi\/evasteet\/","url":"https:\/\/www.fortdeli.fi\/evasteet\/","name":"Cookies Consent - Fort Deli","isPartOf":{"@id":"https:\/\/www.fortdeli.fi\/#website"},"datePublished":"2020-03-02T14:32:12+00:00","dateModified":"2020-03-02T14:34:10+00:00","breadcrumb":{"@id":"https:\/\/www.fortdeli.fi\/evasteet\/#breadcrumb"},"inLanguage":"en-US","potentialAction":[{"@type":"ReadAction","target":["https:\/\/www.fortdeli.fi\/evasteet\/"]}]},{"@type":"BreadcrumbList","@id":"https:\/\/www.fortdeli.fi\/evasteet\/#breadcrumb","itemListElement":[{"@type":"ListItem","position":1,"name":"Home","item":"https:\/\/www.fortdeli.fi\/"},{"@type":"ListItem","position":2,"name":"Ev\u00e4steet"}]},{"@type":"WebSite","@id":"https:\/\/www.fortdeli.fi\/#website","url":"https:\/\/www.fortdeli.fi\/","name":"Fort Deli","description":"","publisher":{"@id":"https:\/\/www.fortdeli.fi\/#organization"},"potentialAction":[{"@type":"SearchAction","target":{"@type":"EntryPoint","urlTemplate":"https:\/\/www.fortdeli.fi\/?s={search_term_string}"},"query-input":{"@type":"PropertyValueSpecification","valueRequired":true,"valueName":"search_term_string"}}],"inLanguage":"en-US"},{"@type":"Organization","@id":"https:\/\/www.fortdeli.fi\/#organization","name":"Fort Deli","url":"https:\/\/www.fortdeli.fi\/","logo":{"@type":"ImageObject","inLanguage":"en-US","@id":"https:\/\/www.fortdeli.fi\/#\/schema\/logo\/image\/","url":"https:\/\/www.fortdeli.fi\/wp-content\/uploads\/cropped-FortDeli_logo2_nega_EST-1.png","contentUrl":"https:\/\/www.fortdeli.fi\/wp-content\/uploads\/cropped-FortDeli_logo2_nega_EST-1.png","width":1598,"height":746,"caption":"Fort Deli"},"image":{"@id":"https:\/\/www.fortdeli.fi\/#\/schema\/logo\/image\/"}}]}},"_links":{"self":[{"href":"https:\/\/www.fortdeli.fi\/en\/wp-json\/wp\/v2\/pages\/5142","targetHints":{"allow":["GET"]}}],"collection":[{"href":"https:\/\/www.fortdeli.fi\/en\/wp-json\/wp\/v2\/pages"}],"about":[{"href":"https:\/\/www.fortdeli.fi\/en\/wp-json\/wp\/v2\/types\/page"}],"author":[{"embeddable":true,"href":"https:\/\/www.fortdeli.fi\/en\/wp-json\/wp\/v2\/users\/1"}],"replies":[{"embeddable":true,"href":"https:\/\/www.fortdeli.fi\/en\/wp-json\/wp\/v2\/comments?post=5142"}],"version-history":[{"count":2,"href":"https:\/\/www.fortdeli.fi\/en\/wp-json\/wp\/v2\/pages\/5142\/revisions"}],"predecessor-version":[{"id":5144,"href":"https:\/\/www.fortdeli.fi\/en\/wp-json\/wp\/v2\/pages\/5142\/revisions\/5144"}],"wp:attachment":[{"href":"https:\/\/www.fortdeli.fi\/en\/wp-json\/wp\/v2\/media?parent=5142"}],"curies":[{"name":"wp","href":"https:\/\/api.w.org\/{rel}","templated":true}]}}