{"id":5129,"date":"2020-03-02T16:06:04","date_gmt":"2020-03-02T14:06:04","guid":{"rendered":"https:\/\/www.fortdeli.fi\/?page_id=5129"},"modified":"2020-12-01T10:07:29","modified_gmt":"2020-12-01T08:07:29","slug":"tietosuojaseloste","status":"publish","type":"page","link":"https:\/\/www.fortdeli.fi\/en\/tietosuojaseloste\/","title":{"rendered":"Privacy Policy"},"content":{"rendered":"\t\t<div data-elementor-type=\"wp-page\" data-elementor-id=\"5129\" class=\"elementor elementor-5129\" data-elementor-post-type=\"page\">\n\t\t\t\t\t\t<section class=\"elementor-section elementor-top-section elementor-element elementor-element-10dc9652 elementor-section-height-min-height elementor-section-items-bottom elementor-section-boxed elementor-section-height-default\" data-id=\"10dc9652\" data-element_type=\"section\" data-e-type=\"section\" data-settings=\"{&quot;background_background&quot;:&quot;classic&quot;}\">\n\t\t\t\t\t\t<div class=\"elementor-container elementor-column-gap-default\">\n\t\t\t\t\t<div class=\"elementor-column elementor-col-100 elementor-top-column elementor-element elementor-element-4a1fe511\" data-id=\"4a1fe511\" data-element_type=\"column\" data-e-type=\"column\">\n\t\t\t<div class=\"elementor-widget-wrap elementor-element-populated\">\n\t\t\t\t\t\t<div class=\"elementor-element elementor-element-edfae64 elementor-widget elementor-widget-heading\" data-id=\"edfae64\" data-element_type=\"widget\" data-e-type=\"widget\" data-widget_type=\"heading.default\">\n\t\t\t\t<div class=\"elementor-widget-container\">\n\t\t\t\t\t<h1 class=\"elementor-heading-title elementor-size-default\">Privacy Policy<\/h1>\t\t\t\t<\/div>\n\t\t\t\t<\/div>\n\t\t\t\t\t<\/div>\n\t\t<\/div>\n\t\t\t\t\t<\/div>\n\t\t<\/section>\n\t\t\t\t<section class=\"elementor-section elementor-top-section elementor-element elementor-element-4d5e616 elementor-reverse-tablet elementor-reverse-mobile elementor-section-boxed elementor-section-height-default elementor-section-height-default\" data-id=\"4d5e616\" data-element_type=\"section\" data-e-type=\"section\">\n\t\t\t\t\t\t<div class=\"elementor-container elementor-column-gap-default\">\n\t\t\t\t\t<div class=\"elementor-column elementor-col-100 elementor-top-column elementor-element elementor-element-411c3b24\" data-id=\"411c3b24\" data-element_type=\"column\" data-e-type=\"column\">\n\t\t\t<div class=\"elementor-widget-wrap elementor-element-populated\">\n\t\t\t\t\t\t<div class=\"elementor-element elementor-element-18c5e54 elementor-widget elementor-widget-text-editor\" data-id=\"18c5e54\" data-element_type=\"widget\" data-e-type=\"widget\" data-widget_type=\"text-editor.default\">\n\t\t\t\t<div class=\"elementor-widget-container\">\n\t\t\t\t\t\t\t\t\t<p>T\u00e4m\u00e4 seloste sis\u00e4lt\u00e4\u00e4 EU:n yleisen tietosuoja-asetuksen (2016\/679) 13 ja 14 artiklan edellytt\u00e4mi\u00e4 tietoja henkil\u00f6tiedoista, joita k\u00e4sittelemme Fortdeli.fi- verkkosivupalveluumme (j\u00e4ljemp\u00e4n\u00e4 \u201d<strong>Palvelu<\/strong>\u201d) liittyen.<\/p><ol><li><strong>Rekisterinpit\u00e4j\u00e4<\/strong><p><span data-contrast=\"none\">Seagood Oy<\/span><\/p><p>Y-tunnus: <span data-contrast=\"none\">2608171-8<\/span><\/p><p>Osoite: Silkkitehtaantie 5 C <br \/>01300 VANTAA<\/p><p>Kotipaikka: Helsinki<\/p><p>Yhteyshenkil\u00f6 tietosuoja-asioissa: Jani Virtanen<\/p><p>S\u00e4hk\u00f6posti: <a href=\"mailto:jani.virtanen@fortdeli.fi\">jani.virtanen@fortdeli.fi<\/a><\/p><\/li><li><strong>Rekister\u00f6ityjen ryhm\u00e4t<\/strong><p>T\u00e4m\u00e4 seloste koskee henkil\u00f6tietoja, joita k\u00e4sittelemme Palvelun k\u00e4ytt\u00e4jist\u00e4 ja\/tai yritysk\u00e4ytt\u00e4jien yhteyshenkil\u00f6ist\u00e4 sek\u00e4 muista henkil\u00f6ist\u00e4, joiden henkil\u00f6tietojen k\u00e4sittely\u00e4 Palvelun tarjoaminen ja vastaanottaminen edellytt\u00e4v\u00e4t.<\/p><\/li><li><strong>Tietojen k\u00e4sittelyn tarkoitukset<\/strong><p>Henkil\u00f6tietoja k\u00e4sitell\u00e4\u00e4n p\u00e4\u00e4asiassa Palvelun tarjoamiseksi sek\u00e4 asiakassuhteen hoitamisen ja yll\u00e4pidon tarkoituksissa. Tietoja voidaan k\u00e4ytt\u00e4\u00e4 my\u00f6s v\u00e4\u00e4rink\u00e4yt\u00f6sten seuraamiseen ja selvitt\u00e4miseen sek\u00e4 rekisterinpit\u00e4j\u00e4n liiketoiminnan ja palveluiden suunnittelemiseen ja kehitt\u00e4miseen. Lain sallimissa rajoissa voimme k\u00e4sitell\u00e4 henkil\u00f6tietoja my\u00f6s markkinointitarkoituksissa.<\/p><\/li><li><strong>K\u00e4sittelyn oikeusperusteet<\/strong><p>T\u00e4ss\u00e4 selosteessa kuvattu henkil\u00f6tietojen k\u00e4sittely perustuu p\u00e4\u00e4s\u00e4\u00e4nt\u00f6isesti verkkosivu-palvelumme toimeenpanoon sek\u00e4 oikeutettuun etuumme k\u00e4sitell\u00e4 henkil\u00f6tietoja Palvelun tarjoamiseksi sek\u00e4 liiketoimintamme harjoittamiseksi ja kehitt\u00e4miseksi. Yksitt\u00e4isten tietojen osalta k\u00e4sittely voi perustua my\u00f6s suostumukseesi tai lakis\u00e4\u00e4teiseen velvollisuuteemme k\u00e4sitell\u00e4 henkil\u00f6tietojasi esimerkiksi verotuksen tai kirjanpidon tarkoituksia varten.<\/p><\/li><li><strong>K\u00e4sitelt\u00e4v\u00e4t tiedot<\/strong><p>K\u00e4sittelemme seuraavia k\u00e4ytt\u00e4jiin liittyvi\u00e4 tietoja:<\/p><ul><li>k\u00e4ytt\u00e4j\u00e4n tai yhteyshenkil\u00f6n nimi, s\u00e4hk\u00f6postiosoite, muut yhteystiedot sek\u00e4 muut k\u00e4ytt\u00e4j\u00e4n itse antamat tiedot, sek\u00e4 k\u00e4ytt\u00e4j\u00e4n IP-osoite<\/li><li>k\u00e4ytt\u00f6- ja sopimushistoria, sis\u00e4lt\u00e4en tiedot mm. varauksista, tilauksista sek\u00e4 mahdollisista palautteista, yhteydenotoista, laskutuksesta ja perinn\u00e4st\u00e4<\/li><li>Palvelun k\u00e4ytt\u00f6\u00e4 koskevat tekniset tiedot, kuten selailu- ja hakutiedot (esim. ev\u00e4steiden ker\u00e4\u00e4m\u00e4 tieto)<\/li><li>asiakasviestint\u00e4\u00e4, markkinointia ja muuta yhteydenpitoa koskevat tiedot (mukaan lukien suoramarkkinointikiellot ja -suostumukset)<\/li><\/ul><\/li><li><strong>Tietojen luovutukset<\/strong><p>Asiakaspalvelun toteutuminen Palvelussa voi edellytt\u00e4\u00e4 henkil\u00f6tietojen luovuttamista kolmansille osapuolille, jotka k\u00e4sittelev\u00e4t tietoja itsen\u00e4isesti tilauksen tai varauksen toteuttamista sek\u00e4 mahdollisia muita erikseen ilmoittamiaan tarkoituksia varten.<\/p><p>Lis\u00e4ksi alihankkijamme ja palveluntarjoajamme saattavat k\u00e4sitell\u00e4 tietojasi sik\u00e4li kuin se on tarpeen Palvelun toteuttamiseksi. Lis\u00e4ksi tietoja voidaan luovuttaa palveluntarjoajillemme tavanomaisia tiedonk\u00e4sittely-, taloushallinnon ja muita yrityspalveluita varten sek\u00e4 toimivaltaisille viranomaisille tai muille kolmansille, mik\u00e4li uskomme tietojen luovuttamisen olevan v\u00e4ltt\u00e4m\u00e4t\u00f6nt\u00e4 sovellettavan lain tai m\u00e4\u00e4r\u00e4yksen vuoksi taikka k\u00e4ytt\u00e4\u00e4ksemme tai puolustaaksemme laillisia oikeuksiamme taikka suojellaksemme kenen tahansa henkil\u00f6n elint\u00e4rkeit\u00e4 etuja.<\/p><p>Rekisterinpit\u00e4j\u00e4ll\u00e4 ei ole p\u00e4\u00e4s\u00e4\u00e4nt\u00f6isesti tarvetta siirt\u00e4\u00e4 tietojasi Euroopan unionin tai Euroopan talousalueen ulkopuolelle Palvelun tarjoamiseksi. Yksitt\u00e4isiss\u00e4 tapauksissa tietojasi voidaan kuitenkin lain sallimissa rajoissa siirt\u00e4\u00e4 EU:n tai ETA-alueen ulkopuolelle perustuen suostumukseesi tai tarpeeseen siirt\u00e4\u00e4 tiedot kanssasi solmitun tai etusi mukaisen sopimuksen t\u00e4ytt\u00e4miseksi taikka muissa sovellettavan lains\u00e4\u00e4d\u00e4nn\u00f6n sallimissa tilanteissa.<\/p><\/li><li><strong>Tietojen s\u00e4ilytt\u00e4minen<\/strong><p>Henkil\u00f6tietoja s\u00e4ilytet\u00e4\u00e4n vain niin kauan kuin meill\u00e4 on siihen yll\u00e4 mainittuihin k\u00e4sittelyn tarkoituksiin liittyv\u00e4 perusteltu tarve.<\/p><p>Arvioimme s\u00e4\u00e4nn\u00f6llisesti t\u00e4llaisten tarpeiden olemassaoloa suhteessa s\u00e4ilytt\u00e4miimme henkil\u00f6tietoihin, ja silt\u00e4 osin kuin arvioimme tarpeen poistuneen, poistamme henkil\u00f6tiedot j\u00e4rjestelm\u00e4st\u00e4 tai muutamme ne nimett\u00f6miksi, tai mik\u00e4li t\u00e4m\u00e4 ei ole mahdollisia (esimerkiksi silt\u00e4 osin kuin tiedot on tallennettu varmuuskopioarkistoihin), s\u00e4ilyt\u00e4mme niit\u00e4 turvallisesti ja est\u00e4mme niiden enemm\u00e4n k\u00e4sittelyn kunnes tietojen poistaminen on mahdollista.<\/p><p>Asiakassuhteeseen liittyvi\u00e4 henkil\u00f6tietoja s\u00e4ilyt\u00e4mme p\u00e4\u00e4s\u00e4\u00e4nt\u00f6isesti ainoastaan aktiivisen asiakassuhteen keston ajan ja kohtuullisen ajan t\u00e4m\u00e4n j\u00e4lkeen mahdollisiin asiakassuhteeseen liittyviin kyselyihin ja yhteydenottoihin vastaamiseksi. Kuitenkin silt\u00e4 osin kuin tietoja koskee esimerkiksi kirjanpitoa tai verotusta koskevasta lains\u00e4\u00e4d\u00e4nn\u00f6st\u00e4 johtuva s\u00e4ilytysvelvoite, tietoja s\u00e4ilytet\u00e4\u00e4n joka tapauksessa kyseisen velvoitteen mukainen v\u00e4himm\u00e4isaika.<\/p><\/li><li><strong>Tietojen suojaus<\/strong><p>P\u00e4\u00e4sy aineistoon on rajoitettu ainoastaan rekisterinpit\u00e4j\u00e4n ty\u00f6ntekij\u00f6ihin ja palveluntarjoajiin, joilla on teht\u00e4viens\u00e4 puolesta siihen oikeus. Rekisterinpit\u00e4j\u00e4 k\u00e4ytt\u00e4\u00e4 asianmukaisia teknisi\u00e4 ja organisatorisia toimenpiteit\u00e4 tietojen suojaamiseksi oikeudettomalta p\u00e4\u00e4sylt\u00e4, muuttamiselta, luovuttamiselta, h\u00e4vitt\u00e4miselt\u00e4 tai muulta oikeudettomalta k\u00e4sittelylt\u00e4. Rekisterinpit\u00e4j\u00e4 edellytt\u00e4\u00e4 kaikilta k\u00e4ytt\u00e4milt\u00e4\u00e4n palveluntarjoajilta luottamuksellisuutta, asianmukaista tietoturvaa sek\u00e4 sitoutumista sovellettavan tietosuojalains\u00e4\u00e4d\u00e4nn\u00f6n mukaisiin vaatimuksiin ja periaatteisiin.<\/p><\/li><li><strong>Rekister\u00f6idyn oikeudet<\/strong><p>Sovellettavan tietosuojalains\u00e4\u00e4d\u00e4nn\u00f6n mukaisesti sinulla on rekister\u00f6ityn\u00e4 seuraavat oikeudet:<\/p><ul><li>Oikeus saada meilt\u00e4 vahvistus siit\u00e4, k\u00e4sittelemmek\u00f6 sinua koskevia henkil\u00f6tietoja, ja jos k\u00e4sittelemme, oikeus saada tiet\u00e4\u00e4, mit\u00e4 henkil\u00f6tietojasi k\u00e4sittelemme.<\/li><li>Oikeus pyyt\u00e4\u00e4 meilt\u00e4 sinua koskevien tietojen oikaisemista sek\u00e4 tietyiss\u00e4 tapauksissa oikeus vaatia henkil\u00f6tietojesi poistamista, k\u00e4sittelyn rajoittamista tai vastustaa henkil\u00f6tietojesi k\u00e4sittely\u00e4.<\/li><li>Oikeus kielt\u00e4yty\u00e4 suoramarkkinointiviesteist\u00e4, joita l\u00e4het\u00e4mme sinulle.<\/li><li>Silt\u00e4 osin kuin henkil\u00f6tiedon k\u00e4sittely perustuu suostumukseen, oikeus milloin tahansa perua henkil\u00f6tietojen k\u00e4sittelyyn antamasi suostumus.<\/li><\/ul><p>Voit k\u00e4ytt\u00e4\u00e4 oikeuksiasi ottamalla meihin yhteytt\u00e4 t\u00e4m\u00e4n selosteen mukaisia yhteystietoja k\u00e4ytt\u00e4en.<\/p><\/li><li><strong>Selosteen p\u00e4ivitt\u00e4minen<\/strong><p>Voimme aika ajoin p\u00e4ivitt\u00e4\u00e4 t\u00e4t\u00e4 selostetta johtuen muutoksista lains\u00e4\u00e4d\u00e4nn\u00f6ss\u00e4 tai liiketoiminnassamme. Pyrimme informoimaan rekister\u00f6ityj\u00e4 muutoksista niiden merkitt\u00e4vyyden edellytt\u00e4m\u00e4ll\u00e4 tavalla.<\/p><\/li><\/ol>\t\t\t\t\t\t\t\t<\/div>\n\t\t\t\t<\/div>\n\t\t\t\t\t<\/div>\n\t\t<\/div>\n\t\t\t\t\t<\/div>\n\t\t<\/section>\n\t\t\t\t<\/div>\n\t\t","protected":false},"excerpt":{"rendered":"<p>Privacy Policy T\u00e4m\u00e4 seloste sis\u00e4lt\u00e4\u00e4 EU:n yleisen tietosuoja-asetuksen (2016\/679) 13 ja 14 artiklan edellytt\u00e4mi\u00e4 tietoja henkil\u00f6tiedoista, joita k\u00e4sittelemme Fortdeli.fi- verkkosivupalveluumme (j\u00e4ljemp\u00e4n\u00e4 \u201dPalvelu\u201d) liittyen. Rekisterinpit\u00e4j\u00e4 Seagood Oy Y-tunnus: 2608171-8 Osoite: Silkkitehtaantie 5 C 01300 VANTAA Kotipaikka: Helsinki Yhteyshenkil\u00f6 tietosuoja-asioissa: Jani Virtanen S\u00e4hk\u00f6posti: jani.virtanen@fortdeli.fi Rekister\u00f6ityjen ryhm\u00e4t T\u00e4m\u00e4 seloste koskee henkil\u00f6tietoja, joita k\u00e4sittelemme Palvelun k\u00e4ytt\u00e4jist\u00e4 ja\/tai yritysk\u00e4ytt\u00e4jien yhteyshenkil\u00f6ist\u00e4 [&hellip;]<\/p>\n","protected":false},"author":1,"featured_media":0,"parent":0,"menu_order":11,"comment_status":"closed","ping_status":"closed","template":"elementor_header_footer","meta":{"_acf_changed":false,"footnotes":""},"class_list":["post-5129","page","type-page","status-publish","hentry"],"acf":[],"yoast_head":"<!-- This site is optimized with the Yoast SEO plugin v27.4 - https:\/\/yoast.com\/product\/yoast-seo-wordpress\/ -->\n<title>Privacy Policy - Fort Deli<\/title>\n<meta name=\"robots\" content=\"index, follow, max-snippet:-1, max-image-preview:large, max-video-preview:-1\" \/>\n<link rel=\"canonical\" href=\"https:\/\/www.fortdeli.fi\/tietosuojaseloste\/\" \/>\n<meta property=\"og:locale\" content=\"en_US\" \/>\n<meta property=\"og:type\" content=\"article\" \/>\n<meta property=\"og:title\" content=\"Privacy Policy - Fort Deli\" \/>\n<meta property=\"og:description\" content=\"Privacy Policy T\u00e4m\u00e4 seloste sis\u00e4lt\u00e4\u00e4 EU:n yleisen tietosuoja-asetuksen (2016\/679) 13 ja 14 artiklan edellytt\u00e4mi\u00e4 tietoja henkil\u00f6tiedoista, joita k\u00e4sittelemme Fortdeli.fi- verkkosivupalveluumme (j\u00e4ljemp\u00e4n\u00e4 \u201dPalvelu\u201d) liittyen. Rekisterinpit\u00e4j\u00e4 Seagood Oy Y-tunnus: 2608171-8 Osoite: Silkkitehtaantie 5 C 01300 VANTAA Kotipaikka: Helsinki Yhteyshenkil\u00f6 tietosuoja-asioissa: Jani Virtanen S\u00e4hk\u00f6posti: jani.virtanen@fortdeli.fi Rekister\u00f6ityjen ryhm\u00e4t T\u00e4m\u00e4 seloste koskee henkil\u00f6tietoja, joita k\u00e4sittelemme Palvelun k\u00e4ytt\u00e4jist\u00e4 ja\/tai yritysk\u00e4ytt\u00e4jien yhteyshenkil\u00f6ist\u00e4 [&hellip;]\" \/>\n<meta property=\"og:url\" content=\"https:\/\/www.fortdeli.fi\/tietosuojaseloste\/\" \/>\n<meta property=\"og:site_name\" content=\"Fort Deli\" \/>\n<meta property=\"article:modified_time\" content=\"2020-12-01T08:07:29+00:00\" \/>\n<meta name=\"twitter:card\" content=\"summary_large_image\" \/>\n<meta name=\"twitter:label1\" content=\"Est. reading time\" \/>\n\t<meta name=\"twitter:data1\" content=\"4 minutes\" \/>\n<script type=\"application\/ld+json\" class=\"yoast-schema-graph\">{\"@context\":\"https:\\\/\\\/schema.org\",\"@graph\":[{\"@type\":\"WebPage\",\"@id\":\"https:\\\/\\\/www.fortdeli.fi\\\/tietosuojaseloste\\\/\",\"url\":\"https:\\\/\\\/www.fortdeli.fi\\\/tietosuojaseloste\\\/\",\"name\":\"Privacy Policy - Fort Deli\",\"isPartOf\":{\"@id\":\"https:\\\/\\\/www.fortdeli.fi\\\/#website\"},\"datePublished\":\"2020-03-02T14:06:04+00:00\",\"dateModified\":\"2020-12-01T08:07:29+00:00\",\"breadcrumb\":{\"@id\":\"https:\\\/\\\/www.fortdeli.fi\\\/tietosuojaseloste\\\/#breadcrumb\"},\"inLanguage\":\"en-US\",\"potentialAction\":[{\"@type\":\"ReadAction\",\"target\":[\"https:\\\/\\\/www.fortdeli.fi\\\/tietosuojaseloste\\\/\"]}]},{\"@type\":\"BreadcrumbList\",\"@id\":\"https:\\\/\\\/www.fortdeli.fi\\\/tietosuojaseloste\\\/#breadcrumb\",\"itemListElement\":[{\"@type\":\"ListItem\",\"position\":1,\"name\":\"Home\",\"item\":\"https:\\\/\\\/www.fortdeli.fi\\\/\"},{\"@type\":\"ListItem\",\"position\":2,\"name\":\"Tietosuojaseloste\"}]},{\"@type\":\"WebSite\",\"@id\":\"https:\\\/\\\/www.fortdeli.fi\\\/#website\",\"url\":\"https:\\\/\\\/www.fortdeli.fi\\\/\",\"name\":\"Fort Deli\",\"description\":\"\",\"publisher\":{\"@id\":\"https:\\\/\\\/www.fortdeli.fi\\\/#organization\"},\"potentialAction\":[{\"@type\":\"SearchAction\",\"target\":{\"@type\":\"EntryPoint\",\"urlTemplate\":\"https:\\\/\\\/www.fortdeli.fi\\\/?s={search_term_string}\"},\"query-input\":{\"@type\":\"PropertyValueSpecification\",\"valueRequired\":true,\"valueName\":\"search_term_string\"}}],\"inLanguage\":\"en-US\"},{\"@type\":\"Organization\",\"@id\":\"https:\\\/\\\/www.fortdeli.fi\\\/#organization\",\"name\":\"Fort Deli\",\"url\":\"https:\\\/\\\/www.fortdeli.fi\\\/\",\"logo\":{\"@type\":\"ImageObject\",\"inLanguage\":\"en-US\",\"@id\":\"https:\\\/\\\/www.fortdeli.fi\\\/#\\\/schema\\\/logo\\\/image\\\/\",\"url\":\"https:\\\/\\\/www.fortdeli.fi\\\/wp-content\\\/uploads\\\/cropped-FortDeli_logo2_nega_EST-1.png\",\"contentUrl\":\"https:\\\/\\\/www.fortdeli.fi\\\/wp-content\\\/uploads\\\/cropped-FortDeli_logo2_nega_EST-1.png\",\"width\":1598,\"height\":746,\"caption\":\"Fort Deli\"},\"image\":{\"@id\":\"https:\\\/\\\/www.fortdeli.fi\\\/#\\\/schema\\\/logo\\\/image\\\/\"}}]}<\/script>\n<!-- \/ Yoast SEO plugin. -->","yoast_head_json":{"title":"Privacy Policy - Fort Deli","robots":{"index":"index","follow":"follow","max-snippet":"max-snippet:-1","max-image-preview":"max-image-preview:large","max-video-preview":"max-video-preview:-1"},"canonical":"https:\/\/www.fortdeli.fi\/tietosuojaseloste\/","og_locale":"en_US","og_type":"article","og_title":"Privacy Policy - Fort Deli","og_description":"Privacy Policy T\u00e4m\u00e4 seloste sis\u00e4lt\u00e4\u00e4 EU:n yleisen tietosuoja-asetuksen (2016\/679) 13 ja 14 artiklan edellytt\u00e4mi\u00e4 tietoja henkil\u00f6tiedoista, joita k\u00e4sittelemme Fortdeli.fi- verkkosivupalveluumme (j\u00e4ljemp\u00e4n\u00e4 \u201dPalvelu\u201d) liittyen. Rekisterinpit\u00e4j\u00e4 Seagood Oy Y-tunnus: 2608171-8 Osoite: Silkkitehtaantie 5 C 01300 VANTAA Kotipaikka: Helsinki Yhteyshenkil\u00f6 tietosuoja-asioissa: Jani Virtanen S\u00e4hk\u00f6posti: jani.virtanen@fortdeli.fi Rekister\u00f6ityjen ryhm\u00e4t T\u00e4m\u00e4 seloste koskee henkil\u00f6tietoja, joita k\u00e4sittelemme Palvelun k\u00e4ytt\u00e4jist\u00e4 ja\/tai yritysk\u00e4ytt\u00e4jien yhteyshenkil\u00f6ist\u00e4 [&hellip;]","og_url":"https:\/\/www.fortdeli.fi\/tietosuojaseloste\/","og_site_name":"Fort Deli","article_modified_time":"2020-12-01T08:07:29+00:00","twitter_card":"summary_large_image","twitter_misc":{"Est. reading time":"4 minutes"},"schema":{"@context":"https:\/\/schema.org","@graph":[{"@type":"WebPage","@id":"https:\/\/www.fortdeli.fi\/tietosuojaseloste\/","url":"https:\/\/www.fortdeli.fi\/tietosuojaseloste\/","name":"Privacy Policy - Fort Deli","isPartOf":{"@id":"https:\/\/www.fortdeli.fi\/#website"},"datePublished":"2020-03-02T14:06:04+00:00","dateModified":"2020-12-01T08:07:29+00:00","breadcrumb":{"@id":"https:\/\/www.fortdeli.fi\/tietosuojaseloste\/#breadcrumb"},"inLanguage":"en-US","potentialAction":[{"@type":"ReadAction","target":["https:\/\/www.fortdeli.fi\/tietosuojaseloste\/"]}]},{"@type":"BreadcrumbList","@id":"https:\/\/www.fortdeli.fi\/tietosuojaseloste\/#breadcrumb","itemListElement":[{"@type":"ListItem","position":1,"name":"Home","item":"https:\/\/www.fortdeli.fi\/"},{"@type":"ListItem","position":2,"name":"Tietosuojaseloste"}]},{"@type":"WebSite","@id":"https:\/\/www.fortdeli.fi\/#website","url":"https:\/\/www.fortdeli.fi\/","name":"Fort Deli","description":"","publisher":{"@id":"https:\/\/www.fortdeli.fi\/#organization"},"potentialAction":[{"@type":"SearchAction","target":{"@type":"EntryPoint","urlTemplate":"https:\/\/www.fortdeli.fi\/?s={search_term_string}"},"query-input":{"@type":"PropertyValueSpecification","valueRequired":true,"valueName":"search_term_string"}}],"inLanguage":"en-US"},{"@type":"Organization","@id":"https:\/\/www.fortdeli.fi\/#organization","name":"Fort Deli","url":"https:\/\/www.fortdeli.fi\/","logo":{"@type":"ImageObject","inLanguage":"en-US","@id":"https:\/\/www.fortdeli.fi\/#\/schema\/logo\/image\/","url":"https:\/\/www.fortdeli.fi\/wp-content\/uploads\/cropped-FortDeli_logo2_nega_EST-1.png","contentUrl":"https:\/\/www.fortdeli.fi\/wp-content\/uploads\/cropped-FortDeli_logo2_nega_EST-1.png","width":1598,"height":746,"caption":"Fort Deli"},"image":{"@id":"https:\/\/www.fortdeli.fi\/#\/schema\/logo\/image\/"}}]}},"_links":{"self":[{"href":"https:\/\/www.fortdeli.fi\/en\/wp-json\/wp\/v2\/pages\/5129","targetHints":{"allow":["GET"]}}],"collection":[{"href":"https:\/\/www.fortdeli.fi\/en\/wp-json\/wp\/v2\/pages"}],"about":[{"href":"https:\/\/www.fortdeli.fi\/en\/wp-json\/wp\/v2\/types\/page"}],"author":[{"embeddable":true,"href":"https:\/\/www.fortdeli.fi\/en\/wp-json\/wp\/v2\/users\/1"}],"replies":[{"embeddable":true,"href":"https:\/\/www.fortdeli.fi\/en\/wp-json\/wp\/v2\/comments?post=5129"}],"version-history":[{"count":9,"href":"https:\/\/www.fortdeli.fi\/en\/wp-json\/wp\/v2\/pages\/5129\/revisions"}],"predecessor-version":[{"id":7078,"href":"https:\/\/www.fortdeli.fi\/en\/wp-json\/wp\/v2\/pages\/5129\/revisions\/7078"}],"wp:attachment":[{"href":"https:\/\/www.fortdeli.fi\/en\/wp-json\/wp\/v2\/media?parent=5129"}],"curies":[{"name":"wp","href":"https:\/\/api.w.org\/{rel}","templated":true}]}}